{"id":1406,"date":"2020-05-26T09:34:34","date_gmt":"2020-05-26T09:34:34","guid":{"rendered":"http:\/\/eurof-wftu.org.cy\/?page_id=1406"},"modified":"2024-09-30T15:55:49","modified_gmt":"2024-09-30T13:55:49","slug":"links","status":"publish","type":"page","link":"https:\/\/eurof-wftu.eu\/?page_id=1406","title":{"rendered":"LINKS"},"content":{"rendered":"<div id=\"tdi_1\" class=\"tdc-row\"><div class=\"vc_row tdi_2  wpb_row td-pb-row\" >\n<style scoped>\n\/* custom css - generated by TagDiv Composer *\/\n\n\/* custom css - generated by TagDiv Composer *\/\n.tdi_2,\r\n                .tdi_2 .tdc-columns{\r\n                    min-height: 0;\r\n                }.tdi_2,\r\n\t\t\t\t.tdi_2 .tdc-columns{\r\n\t\t\t\t    display: block;\r\n\t\t\t\t}.tdi_2 .tdc-columns{\r\n\t\t\t\t    width: 100%;\r\n\t\t\t\t}.tdi_2:before,\r\n\t\t\t\t.tdi_2:after{\r\n\t\t\t\t    display: table;\r\n\t\t\t\t}\n<\/style><div class=\"vc_column tdi_4  wpb_column vc_column_container tdc-column td-pb-span8\">\n<style scoped>\n\/* custom css - generated by TagDiv Composer *\/\n\n\/* custom css - generated by TagDiv Composer *\/\n.tdi_4{\r\n                    vertical-align: baseline;\r\n                }.tdi_4 > .wpb_wrapper,\r\n\t\t\t\t.tdi_4 > .wpb_wrapper > .tdc-elements{\r\n\t\t\t\t    display: block;\r\n\t\t\t\t}.tdi_4 > .wpb_wrapper > .tdc-elements{\r\n\t\t\t\t    width: 100%;\r\n\t\t\t\t}.tdi_4 > .wpb_wrapper > .vc_row_inner{\r\n\t\t\t\t    width: auto;\r\n\t\t\t\t}.tdi_4 > .wpb_wrapper{\r\n\t\t\t\t    width: auto;\r\n\t\t\t\t    height: auto;\r\n\t\t\t\t}\n<\/style><div class=\"wpb_wrapper\" ><div class=\"td_block_wrap td_block_text_with_title tdi_5 tagdiv-type td-pb-border-top td_block_template_2\"  data-td-block-uid=\"tdi_5\" >\n<style>\n\n\/* inline tdc_css att - generated by TagDiv Composer *\/\n\n.tdi_5{\nmargin-top:-25px !important;\n}\n\n<\/style>\n<style>\n\/* custom css - generated by TagDiv Composer *\/\n.td_block_text_with_title{\r\n                  margin-bottom: 44px;\r\n                  -webkit-transform: translateZ(0);\r\n                  transform: translateZ(0);\r\n                }.td_block_text_with_title p:last-child{\r\n                  margin-bottom: 0;\r\n                }\n<\/style><div class=\"td-block-title-wrap\"><\/div><div class=\"td_mod_wrap td-fix-index\"><div class=\"td-post-content\">\n<h3 class=\"block-title td-block-title\"><span class=\"td-pulldown-size\" style=\"font-size: 17pt;\">LINKS<\/span><\/h3>\n<\/div>\n<p><span style=\"color: #0000ff; font-family: arial, helvetica, sans-serif;\"><a style=\"color: #0000ff;\" href=\"https:\/\/www.wftucentral.org\/\" target=\"_blank\" rel=\"noopener noreferrer\">World Federation of Trade Unions<\/a><\/span><br \/>\n<span style=\"color: #0000ff; font-family: arial, helvetica, sans-serif;\"><a style=\"color: #0000ff;\" href=\"http:\/\/www.labsindikatua.org\/\" target=\"_blank\" rel=\"noopener noreferrer\">BASQUES COUNTRY-LAB<\/a><\/span><br \/>\n<span style=\"color: #0000ff; font-family: arial, helvetica, sans-serif;\"><a style=\"color: #0000ff;\" href=\"http:\/\/www.peo.org.cy\" target=\"_blank\" rel=\"noopener noreferrer\">PEO, CYPRUS<\/a><\/span><br \/>\n<span style=\"color: #0000ff; font-family: arial, helvetica, sans-serif;\"><a style=\"color: #0000ff;\" href=\"http:\/\/classe.over-blog.net\" target=\"_blank\" rel=\"noopener noreferrer\">CGT-CATU FRANCE<\/a><\/span><br \/>\n<span style=\"color: #0000ff; font-family: arial, helvetica, sans-serif;\"><a style=\"color: #0000ff;\" href=\"http:\/\/www.cgt13.fr\/\" target=\"_blank\" rel=\"noopener noreferrer\">FRANCE<\/a><\/span><br \/>\n<span style=\"color: #0000ff; font-family: arial, helvetica, sans-serif;\"><a style=\"color: #0000ff;\" href=\"http:\/\/www.zashitalmz.narod.ru\/\" target=\"_blank\" rel=\"noopener noreferrer\">RUSSIA ZASHITA TRUDA<\/a><\/span><br \/>\n<span style=\"color: #0000ff; font-family: arial, helvetica, sans-serif;\"><a style=\"color: #0000ff;\" href=\"http:\/\/www.fpb.by\/\" target=\"_blank\" rel=\"noopener noreferrer\">FEDERATION OF TRADE UNION OF BELARUS(FTUB)<\/a><\/span><br \/>\n<span style=\"color: #0000ff; font-family: arial, helvetica, sans-serif;\"><a style=\"color: #0000ff;\" href=\"http:\/\/classe.over-blog.net\" target=\"_blank\" rel=\"noopener noreferrer\">CGT-CATU FRANCE<\/a><\/span><br \/>\n<span style=\"color: #0000ff; font-family: arial, helvetica, sans-serif;\"><a style=\"color: #0000ff;\" href=\"http:\/\/www.fnic.cgt.fr\" target=\"_blank\" rel=\"noopener noreferrer\">FRANCE -FNIC\/CGT<\/a><\/span><br \/>\n<span style=\"color: #0000ff; font-family: arial, helvetica, sans-serif;\"><a style=\"color: #0000ff;\" href=\"http:\/\/www.pamehellas.gr\" target=\"_blank\" rel=\"noopener noreferrer\">PAME, GREECE<\/a><\/span><br \/>\n<span style=\"color: #0000ff; font-family: arial, helvetica, sans-serif;\"><a style=\"color: #0000ff;\" href=\"http:\/\/www.usb.it\" target=\"_blank\" rel=\"noopener noreferrer\">Unione Sindicale di Base<\/a><\/span><br \/>\n<span style=\"color: #0000ff; font-family: arial, helvetica, sans-serif;\"><a style=\"color: #0000ff;\" href=\"http:\/\/www.sisa-info.ch\/\" target=\"_blank\" rel=\"noopener noreferrer\">Students and Young Workers&#8217; Union of Switzerland (SISA-FESAL)<\/a><\/span><br \/>\n<span style=\"color: #0000ff; font-family: arial, helvetica, sans-serif;\"><a style=\"color: #0000ff;\" href=\"http:\/\/www.sip.sindacati.ch\" target=\"_blank\" rel=\"noopener noreferrer\">Sindacato-Sip<\/a><\/span><br \/>\n<span style=\"color: #0000ff; font-family: arial, helvetica, sans-serif;\"><a style=\"color: #0000ff;\" href=\"http:\/\/www.intersindicanaria.com\" target=\"_blank\" rel=\"noopener noreferrer\">Intersindical Canarias<\/a><\/span><br \/>\n<span style=\"color: #0000ff; font-family: arial, helvetica, sans-serif;\"><a style=\"color: #0000ff;\" href=\"http:\/\/www.intersindical-csc.cat\/\" target=\"_blank\" rel=\"noopener noreferrer\">Intersindical CSC<\/a><\/span><br \/>\n<span style=\"color: #0000ff; font-family: arial, helvetica, sans-serif;\"><a style=\"color: #0000ff;\" href=\"http:\/\/www.galizacig.org\/\" target=\"_blank\" rel=\"noopener noreferrer\">CIG-GALICIA<\/a><\/span><br \/>\n<span style=\"color: #0000ff; font-family: arial, helvetica, sans-serif;\"><a style=\"color: #0000ff;\" href=\"http:\/\/www.sindicatoobrerocanario.org\/\" target=\"_blank\" rel=\"noopener noreferrer\">Frente Sindical Obrero de Canarias &#8211; &nbsp;FSOC<\/a><\/span><br \/>\n<span style=\"color: #0000ff; font-family: arial, helvetica, sans-serif;\"><a style=\"color: #0000ff;\" href=\"http:\/\/www.sindicatcos.cat\/\" target=\"_blank\" rel=\"noopener noreferrer\">Coordinadora Obrera Sindical<\/a><\/span><br \/>\n<span style=\"color: #0000ff; font-family: arial, helvetica, sans-serif;\"><a style=\"color: #0000ff;\" href=\"http:\/\/www.cutgaliza.org\/\" target=\"_blank\" rel=\"noopener noreferrer\">CUT-Galiza<\/a><\/span><br \/>\n<span style=\"color: #0000ff; font-family: arial, helvetica, sans-serif;\"><a style=\"color: #0000ff;\" href=\"http:\/\/www.milnou.net\/~cos\/\" target=\"_blank\" rel=\"noopener noreferrer\">\u00c0rea de Relacions Internacionals Coordinadora Obrera Sindical<\/a><\/span><br \/>\n<span style=\"color: #0000ff; font-family: arial, helvetica, sans-serif;\"><a style=\"color: #0000ff;\" href=\"http:\/\/www.unidaddeclase.org\/\" target=\"_blank\" rel=\"noopener noreferrer\">Coordinadora Sindical&nbsp; de Clase <\/a><\/span><br \/>\n<span style=\"color: #0000ff; font-family: arial, helvetica, sans-serif;\"><a style=\"color: #0000ff;\" href=\"http:\/\/wftu.org.pl\/czym-jest-wftu\/\" target=\"_blank\" rel=\"noopener noreferrer\">\u015awiatowa Federacja Zwi\u0105zk\u00f3w Zawodowych (WFTU) &#8211; Polska<\/a><\/span><br \/>\n<span style=\"color: #0000ff; font-family: arial, helvetica, sans-serif;\"><a style=\"color: #0000ff;\" href=\"http:\/\/www.glb.at\" target=\"_blank\" rel=\"noopener noreferrer\">Left Bloc in the Austrian Trade Union Federation<\/a><\/span><br \/>\n<span style=\"color: #0000ff; font-family: arial, helvetica, sans-serif;\"><a style=\"color: #0000ff;\" href=\"https:\/\/sntsf.pt\/\" target=\"_blank\" rel=\"noopener noreferrer\">National Trade Union of Workers of the Railway Sector (Portugal)<\/a><\/span><br \/>\n<span style=\"color: #0000ff; font-family: arial, helvetica, sans-serif;\"><a style=\"color: #0000ff;\" href=\"https:\/\/www.fnstfps.pt\/\" target=\"_blank\" rel=\"noopener noreferrer\">National Federation of Workers Trade Unions in Public and Social Sector (Portugal)<\/a><\/span><br \/>\n<span style=\"color: #0000ff; font-family: arial, helvetica, sans-serif;\"><a style=\"color: #0000ff;\" href=\"http:\/\/sindicatos.cgtp.pt\/feviccom\/\" target=\"_blank\" rel=\"noopener noreferrer\">Portuguese Federation of Construction, Ceramic and Glass Trade Unions<\/a><\/span><br \/>\n<span style=\"color: #0000ff; font-family: arial, helvetica, sans-serif;\"><a style=\"color: #0000ff;\" href=\"http:\/\/sindicatos.cgtp.pt\/\" target=\"_blank\" rel=\"noopener noreferrer\">Federation of Agriculture, Food, Drinks, Hotel Business and Turism Workers of Portugal<\/a><\/span><br \/>\n<span style=\"color: #0000ff; font-family: arial, helvetica, sans-serif;\"><a style=\"color: #0000ff;\" href=\"https:\/\/www.stal.pt\/\" target=\"_blank\" rel=\"noopener noreferrer\">National Trade Union of Local and Regional Goverments, Public Companies, Concessionaires and Correlated Workers (Portugal) \u2013 friendly organization<\/a><\/span><\/p>\n<div class=\"td-post-content\">\n<h3 class=\"block-title td-block-title\"><span class=\"td-pulldown-size\" style=\"font-size: 17pt;\">Various Links<\/span><\/h3>\n<\/div>\n<p><span style=\"font-family: arial, helvetica, sans-serif; color: #0000ff;\"><a style=\"color: #0000ff;\" href=\"http:\/\/www.wfdy.org\" target=\"_blank\" rel=\"noopener noreferrer\">World Federation of Democratic Youth<\/a><\/span><br \/>\n<span style=\"font-family: arial, helvetica, sans-serif; color: #0000ff;\"><a style=\"color: #0000ff;\" href=\"http:\/\/www.ilo.org\/\" target=\"_blank\" rel=\"noopener noreferrer\">International Labor Office (ILO)<\/a><\/span><br \/>\n<span style=\"font-family: arial, helvetica, sans-serif; color: #0000ff;\"><a style=\"color: #0000ff;\" href=\"http:\/\/www.wto.org\" target=\"_blank\" rel=\"noopener noreferrer\">World Trade Organisation (WTO)<\/a><\/span><br \/>\n<span style=\"font-family: arial, helvetica, sans-serif; color: #0000ff;\"><a style=\"color: #0000ff;\" href=\"http:\/\/eurofound.europa.eu\/eiro\" target=\"_blank\" rel=\"noopener noreferrer\">European Industrial Relations&nbsp; Observatory (EIRO)<\/a><\/span><br \/>\n<span style=\"font-family: arial, helvetica, sans-serif; color: #0000ff;\"><a style=\"color: #0000ff;\" href=\"http:\/\/osha.europa.eu\/OSHA\" target=\"_blank\" rel=\"noopener noreferrer\">European Agency for Safety and Health at Work<\/a><\/span><br \/>\n<a href=\"http:\/\/www.wftucentral.org\/trade-union-internationals\/\" target=\"_blank\" rel=\"noopener noreferrer\"><span style=\"font-family: arial, helvetica, sans-serif; color: #0000ff;\">TUIs CONTACT DETAILS<\/span><\/a><\/p>\n<\/div><\/div><\/div><\/div><div class=\"vc_column tdi_7  wpb_column vc_column_container tdc-column td-pb-span4\">\n<style scoped>\n\/* custom css - generated by TagDiv Composer *\/\n\n\/* custom css - generated by TagDiv Composer *\/\n.tdi_7{\r\n                    vertical-align: baseline;\r\n                }.tdi_7 > .wpb_wrapper,\r\n\t\t\t\t.tdi_7 > .wpb_wrapper > .tdc-elements{\r\n\t\t\t\t    display: block;\r\n\t\t\t\t}.tdi_7 > .wpb_wrapper > .tdc-elements{\r\n\t\t\t\t    width: 100%;\r\n\t\t\t\t}.tdi_7 > .wpb_wrapper > .vc_row_inner{\r\n\t\t\t\t    width: auto;\r\n\t\t\t\t}.tdi_7 > .wpb_wrapper{\r\n\t\t\t\t    width: auto;\r\n\t\t\t\t    height: auto;\r\n\t\t\t\t}\n<\/style><div class=\"wpb_wrapper\" ><div class=\"wpb_wrapper td_block_wrap vc_widget_sidebar tdi_9 \" ><\/div><\/div><\/div><\/div><\/div>\n","protected":false},"excerpt":{"rendered":"","protected":false},"author":2,"featured_media":0,"parent":0,"menu_order":0,"comment_status":"closed","ping_status":"closed","template":"","meta":{"tdm_status":"","tdm_grid_status":"","footnotes":""},"class_list":["post-1406","page","type-page","status-publish"],"_links":{"self":[{"href":"https:\/\/eurof-wftu.eu\/index.php?rest_route=\/wp\/v2\/pages\/1406","targetHints":{"allow":["GET"]}}],"collection":[{"href":"https:\/\/eurof-wftu.eu\/index.php?rest_route=\/wp\/v2\/pages"}],"about":[{"href":"https:\/\/eurof-wftu.eu\/index.php?rest_route=\/wp\/v2\/types\/page"}],"author":[{"embeddable":true,"href":"https:\/\/eurof-wftu.eu\/index.php?rest_route=\/wp\/v2\/users\/2"}],"replies":[{"embeddable":true,"href":"https:\/\/eurof-wftu.eu\/index.php?rest_route=%2Fwp%2Fv2%2Fcomments&post=1406"}],"version-history":[{"count":13,"href":"https:\/\/eurof-wftu.eu\/index.php?rest_route=\/wp\/v2\/pages\/1406\/revisions"}],"predecessor-version":[{"id":3580,"href":"https:\/\/eurof-wftu.eu\/index.php?rest_route=\/wp\/v2\/pages\/1406\/revisions\/3580"}],"wp:attachment":[{"href":"https:\/\/eurof-wftu.eu\/index.php?rest_route=%2Fwp%2Fv2%2Fmedia&parent=1406"}],"curies":[{"name":"wp","href":"https:\/\/api.w.org\/{rel}","templated":true}]}}